{"id":98,"date":"2009-07-05T19:59:57","date_gmt":"2009-07-05T18:59:57","guid":{"rendered":"http:\/\/www.makarska-online.net\/novosti\/?page_id=98"},"modified":"2010-08-05T11:36:46","modified_gmt":"2010-08-05T09:36:46","slug":"smjestaj","status":"publish","type":"page","link":"https:\/\/www.makarska-online.net\/novosti\/smjestaj\/","title":{"rendered":"Smje\u0161taj na Makarskoj Rivijeri"},"content":{"rendered":"<p><strong>Savjeti za ugodan boravak<\/strong><\/p>\n<div style=\"width: 110px\" class=\"wp-caption alignnone\"><a href=\"http:\/\/www.makarska-online.net\/apartments_hr.htm\"><img loading=\"lazy\" decoding=\"async\" title=\"Apartmani Makarska Rivijera\" src=\"http:\/\/www.makarska-online.net\/kovacevic\/ap2\/thumbs\/Picture-737.jpg\" alt=\"\" width=\"100\" height=\"75\" \/><\/a><p class=\"wp-caption-text\">Apartmani Makarska Rivijera<\/p><\/div>\n<p style=\"text-align: left;\"><strong><a title=\"Smje\u0161taj Makarska\" href=\"http:\/\/www.makarska-online.net\/apartments_hr.htm\" target=\"_self\">Pretraga smje\u0161taja na Makarskoj Rivijeri<\/a><\/strong><br \/>\nOvdje mo\u017eete prona\u0107i <strong>privatni smje\u0161taj<\/strong> u Makarskoj i na Makarskoj rivijeri. Vile nude kvalitetni smje\u0161taj uz povoljne cijene. Ve\u0107ina apartmana je kategorizirano na kvalitetu 3 zvjezdice ili vi\u0161e . Privatni smje\u0161taj je povoljniji od hotelskog smje\u0161taja i boravak u privatnom smje\u0161taju mo\u017ee biti vrlo interesantan jer gost upoznaje doma\u0107ina kao i obi\u010daje i na\u010din \u017eivota doma\u0107ih ljudi. Doma\u0107in \u0107e vas nerijetko po\u010dastiti doma\u0107om hranom i vinom, nezaboravan do\u017eivljaj za sva va\u0161a osjetila.<\/p>\n<p style=\"text-align: left;\">\n<div style=\"width: 230px\" class=\"wp-caption alignnone\"><a href=\"http:\/\/www.makarska-online.net\/market\"><span style=\"font-family: Verdana,Arial,Helvetica,sans-serif; font-size: x-small;\"><img loading=\"lazy\" decoding=\"async\" title=\"Lastminute Makarska Rivijera\" src=\"http:\/\/www.makarska-online.net\/gif\/lastminute1.gif\" alt=\"\" width=\"220\" height=\"68\" \/><\/span><\/a><p class=\"wp-caption-text\">Lastminute Makarska Rivijera<\/p><\/div>\n<p style=\"text-align: left;\"><strong><a title=\"Lastminute\" href=\"http:\/\/www.makarska-online.net\/market\/index.php\" target=\"_blank\">Lastminute ponude<\/a><\/strong><\/p>\n<p>Ovdje mo\u017eete jednostavno prona\u0107i <strong>slobodne termine<\/strong> u smje\u0161tajnim jedinicama na Makarskoj Rivijeri. Pregledajte ponudu i potra\u017enju smje\u0161taja sa slobodnim terminima i brzo prona\u0111ite ono \u0161to vam odgovara. Gosti koji tra\u017ee ba\u0161 odre\u0111eni slobodni termin mogu dati svoj oglas i o\u010dekivati ponude od iznajmljiva\u010da na svoju email adresu. Oglasi se a\u017euriraju svakodnevno.<\/p>\n<p>[poll id=&#8221;4&#8243;]<\/p>\n<div style=\"width: 110px\" class=\"wp-caption alignnone\"><img loading=\"lazy\" decoding=\"async\" title=\"Apartmani\" src=\"http:\/\/www.makarska-online.net\/perkusic\/apartman2\/male\/DSC01744_JPG.jpg\" alt=\"\" width=\"100\" height=\"75\" \/><p class=\"wp-caption-text\">Apartmani<\/p><\/div>\n<p style=\"text-align: left;\"><strong>Apartmani <\/strong>su smje\u0161tajne jedinice koji mogu smjestiti 2-7 osoba ovisno o broju kreveta. Obi\u010dno imaju jednu 1 do 3 spava\u0107e sobe, 1 do 3 kupatila . Apartman je jednica koja ima spava\u0107u sobu i dnevnu sobu u razli\u010ditim prostorijama. Kuhinja mo\u017ee biti u dnevnoj sobi. Apartman ima bar jednu spava\u0107u sobu. Ve\u0107i apartmani mogu smjestiti vi\u0161e osoba pa je cijena po osobi najni\u017ea kad su svi kreveti popunjeni. Cijena po osobi je ni\u017ea kad ima vi\u0161e osoba u apartmanu.<\/p>\n<p style=\"text-align: left;\">\n<div style=\"width: 110px\" class=\"wp-caption alignnone\"><img loading=\"lazy\" decoding=\"async\" title=\"Studio\" src=\"http:\/\/www.makarska-online.net\/kovacevic\/ap3\/thumbs\/Picture-754.jpg\" alt=\"\" width=\"100\" height=\"75\" \/><p class=\"wp-caption-text\">Studio<\/p><\/div>\n<p style=\"text-align: left;\"><strong>Studio <\/strong>je manja smje\u0161tajna jedinica od apartmana i mo\u017ee smjestiti 2-3 osobe, a u nekim slu\u010dajevima i 4 osobe, ima spava\u0107u sobu, kuhinju i dnevnu sobu u jednoj prostoriji. Tako\u0111er, mora imati kupatilo.<br \/>\nCijena studija je obi\u010dno ni\u017ea nego od apartmana, ali cijena obi\u010dno ovisi i o kvaliteti.<\/p>\n<p style=\"text-align: left;\">\n<p style=\"text-align: left;\">\n<div style=\"width: 110px\" class=\"wp-caption alignnone\"><img loading=\"lazy\" decoding=\"async\" title=\"Soba\" src=\"http:\/\/www.makarska-online.net\/ravlic\/Sobe\/thumbnails\/P1010001.jpg\" alt=\"\" width=\"100\" height=\"75\" \/><p class=\"wp-caption-text\">Soba<\/p><\/div>\n<p style=\"text-align: left;\"><strong>Soba <\/strong>kao smje\u0161tajna jednica ima spava\u0107u sobu i kupatilo, a uz to mo\u017ee imati i balkon ili terasu. U ve\u0107ini slu\u010dajeva soba nema kuhinju, ali ako gost insistira na kuhinji, gost se mo\u017ee informirati kod doma\u0107ina o mogu\u0107nosti kori\u0161tenja njegove kuhinje uz ve\u0107u cijenu. Ako vam je kuhinja potrebna bolje je unajmiti studio ili apartman.<\/p>\n<p style=\"text-align: left;\">[poll id=&#8221;1&#8243;]<\/p>\n<p style=\"text-align: left;\">\n<p style=\"text-align: left;\">\n<div style=\"width: 110px\" class=\"wp-caption alignnone\"><img loading=\"lazy\" decoding=\"async\" title=\"Lokacija\" src=\"http:\/\/www.makarska-online.net\/plan.jpg\" alt=\"\" width=\"100\" height=\"80\" \/><p class=\"wp-caption-text\">Lokacija<\/p><\/div>\n<p style=\"text-align: left;\"><strong>Lokacija <\/strong>privatne ku\u0107e je je veoma va\u017ena kod odabira smje\u0161taja. Neki gosti \u017eele biti smje\u0161teni u centru ili na pla\u017ei, ali moraju biti svjesni da je u tim djelovima grada ve\u0107a buka i gu\u017eva, smje\u0161taj je skuplji nego u drugim djelovima grada. Smje\u0161taj koji je bli\u017ei centru i pla\u017ei mora biti rezerviran \u010dak 5-6 mjeseci prije dolaska gostiju. Ostali, koji vole mirnije susjedstvo i tihe no\u0107i mogu unajmiti apartman koja je malo udaljenija od pla\u017ee i centra, a i pro\u0107i \u0107e puno jeftinije.<\/p>\n<p style=\"text-align: left;\">\n<div style=\"width: 110px\" class=\"wp-caption alignnone\"><img loading=\"lazy\" decoding=\"async\" title=\"Aircondition\" src=\"http:\/\/www.makarska-online.net\/ravlic\/Apartman2\/thumbnails\/apartman2.-020.jpg\" alt=\"\" width=\"100\" height=\"75\" \/><p class=\"wp-caption-text\">Aircondition<\/p><\/div>\n<p style=\"text-align: left;\"><strong>Klima <\/strong>ure\u0111aj u apartmanima postaje standard u Makarskoj pa ve\u0107ina ku\u0107a ih ima instalirane. Cijena kori\u0161tenja klima ure\u0111aja je uklju\u010dena u cijenu smje\u0161taja kod ve\u0107ine iznajmljiva\u010da, a neki iznajmljiva\u010di zahtjevaju da se klima plati dodatno. Upotreba klima ure\u0111aja mo\u017ee biti \u0161tetna u slu\u010dajevima kad gost podesi temperaturu na minimum. Razlika izme\u0111u unutra\u0161nje i vanjske temperature ne bi smjela biti ve\u0107a od 3-4 celzijuseva stupnja . Nepravilna upotreba klima ure\u0111aja mo\u017ee izazvati prehladu i mo\u017ee biti vrlo nezgodno dok ste na odmoru i ne mo\u017eete oti\u0107i kupati se u moru zbog prehlade. Kada je klima ure\u0111aj uklju\u010den, svi prozori i vrata moraju biti zatvoreni.<\/p>\n<p style=\"text-align: left;\">\n<p style=\"text-align: left;\">\n<p>[contact-form 1 &#8220;Kontaktni obrazac 1&#8221;]<\/p>\n","protected":false},"excerpt":{"rendered":"<a href=\"https:\/\/www.makarska-online.net\/novosti\/smjestaj\/\"><img loading=\"lazy\" decoding=\"async\" width=\"150\" height=\"150\" src=\"http:\/\/www.makarska-online.net\/novosti\/wp-content\/plugins\/thumbnail-for-excerpts\/tfe_no_thumb.png\" class=\"alignleft wp-post-image tfe\" alt=\"\" title=\"\" \/><\/a><p>Savjeti za ugodan boravak Pretraga smje\u0161taja na Makarskoj Rivijeri Ovdje mo\u017eete prona\u0107i privatni smje\u0161taj u Makarskoj i na Makarskoj rivijeri. Vile nude kvalitetni smje\u0161taj uz povoljne cijene. Ve\u0107ina apartmana je kategorizirano na kvalitetu 3 zvjezdice ili vi\u0161e . Privatni smje\u0161taj je povoljniji od hotelskog smje\u0161taja i boravak u privatnom smje\u0161taju mo\u017ee biti vrlo interesantan jer [&hellip;]<\/p>\n","protected":false},"author":1,"featured_media":0,"parent":0,"menu_order":0,"comment_status":"open","ping_status":"open","template":"","meta":{"footnotes":""},"class_list":["post-98","page","type-page","status-publish","hentry"],"_links":{"self":[{"href":"https:\/\/www.makarska-online.net\/novosti\/wp-json\/wp\/v2\/pages\/98","targetHints":{"allow":["GET"]}}],"collection":[{"href":"https:\/\/www.makarska-online.net\/novosti\/wp-json\/wp\/v2\/pages"}],"about":[{"href":"https:\/\/www.makarska-online.net\/novosti\/wp-json\/wp\/v2\/types\/page"}],"author":[{"embeddable":true,"href":"https:\/\/www.makarska-online.net\/novosti\/wp-json\/wp\/v2\/users\/1"}],"replies":[{"embeddable":true,"href":"https:\/\/www.makarska-online.net\/novosti\/wp-json\/wp\/v2\/comments?post=98"}],"version-history":[{"count":0,"href":"https:\/\/www.makarska-online.net\/novosti\/wp-json\/wp\/v2\/pages\/98\/revisions"}],"wp:attachment":[{"href":"https:\/\/www.makarska-online.net\/novosti\/wp-json\/wp\/v2\/media?parent=98"}],"curies":[{"name":"wp","href":"https:\/\/api.w.org\/{rel}","templated":true}]}}